{"id":16907,"date":"2024-05-03T13:02:16","date_gmt":"2024-05-03T13:02:16","guid":{"rendered":"https:\/\/www.iese.edu\/es\/?page_id=16907"},"modified":"2025-05-02T09:41:24","modified_gmt":"2025-05-02T09:41:24","slug":"futuro-ecommerce","status":"publish","type":"page","link":"https:\/\/www.iese.edu\/es\/claustro-investigacion\/futuro-ecommerce\/","title":{"rendered":"El futuro del e-commerce en Espa\u00f1a"},"content":{"rendered":"","protected":false},"excerpt":{"rendered":"","protected":false},"author":54,"featured_media":0,"parent":505,"menu_order":0,"comment_status":"closed","ping_status":"closed","template":"","meta":{"_acf_changed":false,"footnotes":""},"class_list":["post-16907","page","type-page","status-publish","hentry"],"acf":[],"yoast_head":"<!-- This site is optimized with the Yoast SEO Premium plugin v21.7 (Yoast SEO v26.7) - https:\/\/yoast.com\/wordpress\/plugins\/seo\/ -->\n<title>El futuro del e-commerce en Espa\u00f1a - IESE<\/title>\n<meta name=\"description\" content=\"\u00danete a nosotros en esta V edici\u00f3n del evento Next-Commerce para explorar el panorama online y descubrir c\u00f3mo la innovaci\u00f3n y la inteligencia artificial est\u00e1n transformando el d\u00eda a d\u00eda del comercio electr\u00f3nico.\" \/>\n<meta name=\"robots\" content=\"index, follow, max-snippet:-1, max-image-preview:large, max-video-preview:-1\" \/>\n<link rel=\"canonical\" href=\"https:\/\/www.iese.edu\/es\/claustro-investigacion\/futuro-ecommerce\/\" \/>\n<meta property=\"og:locale\" content=\"es_ES\" \/>\n<meta property=\"og:type\" content=\"article\" \/>\n<meta property=\"og:title\" content=\"El futuro del e-commerce en Espa\u00f1a\" \/>\n<meta property=\"og:description\" content=\"\u00danete a nosotros en esta V edici\u00f3n del evento Next-Commerce para explorar el panorama online y descubrir c\u00f3mo la innovaci\u00f3n y la inteligencia artificial est\u00e1n transformando el d\u00eda a d\u00eda del comercio electr\u00f3nico.\" \/>\n<meta property=\"og:url\" content=\"https:\/\/www.iese.edu\/es\/claustro-investigacion\/futuro-ecommerce\/\" \/>\n<meta property=\"og:site_name\" content=\"IESE\" \/>\n<meta property=\"article:modified_time\" content=\"2025-05-02T09:41:24+00:00\" \/>\n<meta name=\"twitter:card\" content=\"summary_large_image\" \/>\n<meta name=\"twitter:label1\" content=\"Tiempo de lectura\" \/>\n\t<meta name=\"twitter:data1\" content=\"8 minutos\" \/>\n<script type=\"application\/ld+json\" class=\"yoast-schema-graph\">{\"@context\":\"https:\/\/schema.org\",\"@graph\":[{\"@type\":\"WebPage\",\"@id\":\"https:\/\/www.iese.edu\/es\/claustro-investigacion\/futuro-ecommerce\/\",\"url\":\"https:\/\/www.iese.edu\/es\/claustro-investigacion\/futuro-ecommerce\/\",\"name\":\"El futuro del e-commerce en Espa\u00f1a - IESE\",\"isPartOf\":{\"@id\":\"https:\/\/www.iese.edu\/es\/#website\"},\"datePublished\":\"2024-05-03T13:02:16+00:00\",\"dateModified\":\"2025-05-02T09:41:24+00:00\",\"description\":\"\u00danete a nosotros en esta V edici\u00f3n del evento Next-Commerce para explorar el panorama online y descubrir c\u00f3mo la innovaci\u00f3n y la inteligencia artificial est\u00e1n transformando el d\u00eda a d\u00eda del comercio electr\u00f3nico.\",\"breadcrumb\":{\"@id\":\"https:\/\/www.iese.edu\/es\/claustro-investigacion\/futuro-ecommerce\/#breadcrumb\"},\"inLanguage\":\"es\",\"potentialAction\":[{\"@type\":\"ReadAction\",\"target\":[\"https:\/\/www.iese.edu\/es\/claustro-investigacion\/futuro-ecommerce\/\"]}]},{\"@type\":\"BreadcrumbList\",\"@id\":\"https:\/\/www.iese.edu\/es\/claustro-investigacion\/futuro-ecommerce\/#breadcrumb\",\"itemListElement\":[{\"@type\":\"ListItem\",\"position\":1,\"name\":\"Home\",\"item\":\"https:\/\/www.iese.edu\/es\/\"},{\"@type\":\"ListItem\",\"position\":2,\"name\":\"Claustro e investigaci\u00f3n\",\"item\":\"https:\/\/www.iese.edu\/es\/claustro-investigacion\/\"},{\"@type\":\"ListItem\",\"position\":3,\"name\":\"El futuro del e-commerce en Espa\u00f1a\"}]},{\"@type\":\"WebSite\",\"@id\":\"https:\/\/www.iese.edu\/es\/#website\",\"url\":\"https:\/\/www.iese.edu\/es\/\",\"name\":\"IESE\",\"description\":\"\",\"publisher\":{\"@id\":\"https:\/\/www.iese.edu\/es\/#organization\"},\"potentialAction\":[{\"@type\":\"SearchAction\",\"target\":{\"@type\":\"EntryPoint\",\"urlTemplate\":\"https:\/\/www.iese.edu\/es\/?s={search_term_string}\"},\"query-input\":{\"@type\":\"PropertyValueSpecification\",\"valueRequired\":true,\"valueName\":\"search_term_string\"}}],\"inLanguage\":\"es\"},{\"@type\":\"Organization\",\"@id\":\"https:\/\/www.iese.edu\/es\/#organization\",\"name\":\"IESE Business School\",\"url\":\"https:\/\/www.iese.edu\/es\/\",\"logo\":{\"@type\":\"ImageObject\",\"inLanguage\":\"es\",\"@id\":\"https:\/\/www.iese.edu\/es\/#\/schema\/logo\/image\/\",\"url\":\"https:\/\/www.iese.edu\/es\/wp-content\/uploads\/sites\/2\/2020\/12\/Logo-IESE.png\",\"contentUrl\":\"https:\/\/www.iese.edu\/es\/wp-content\/uploads\/sites\/2\/2020\/12\/Logo-IESE.png\",\"width\":290,\"height\":290,\"caption\":\"IESE Business School\"},\"image\":{\"@id\":\"https:\/\/www.iese.edu\/es\/#\/schema\/logo\/image\/\"}}]}<\/script>\n<!-- \/ Yoast SEO Premium plugin. -->","yoast_head_json":{"title":"El futuro del e-commerce en Espa\u00f1a - IESE","description":"\u00danete a nosotros en esta V edici\u00f3n del evento Next-Commerce para explorar el panorama online y descubrir c\u00f3mo la innovaci\u00f3n y la inteligencia artificial est\u00e1n transformando el d\u00eda a d\u00eda del comercio electr\u00f3nico.","robots":{"index":"index","follow":"follow","max-snippet":"max-snippet:-1","max-image-preview":"max-image-preview:large","max-video-preview":"max-video-preview:-1"},"canonical":"https:\/\/www.iese.edu\/es\/claustro-investigacion\/futuro-ecommerce\/","og_locale":"es_ES","og_type":"article","og_title":"El futuro del e-commerce en Espa\u00f1a","og_description":"\u00danete a nosotros en esta V edici\u00f3n del evento Next-Commerce para explorar el panorama online y descubrir c\u00f3mo la innovaci\u00f3n y la inteligencia artificial est\u00e1n transformando el d\u00eda a d\u00eda del comercio electr\u00f3nico.","og_url":"https:\/\/www.iese.edu\/es\/claustro-investigacion\/futuro-ecommerce\/","og_site_name":"IESE","article_modified_time":"2025-05-02T09:41:24+00:00","twitter_card":"summary_large_image","twitter_misc":{"Tiempo de lectura":"8 minutos"},"schema":{"@context":"https:\/\/schema.org","@graph":[{"@type":"WebPage","@id":"https:\/\/www.iese.edu\/es\/claustro-investigacion\/futuro-ecommerce\/","url":"https:\/\/www.iese.edu\/es\/claustro-investigacion\/futuro-ecommerce\/","name":"El futuro del e-commerce en Espa\u00f1a - IESE","isPartOf":{"@id":"https:\/\/www.iese.edu\/es\/#website"},"datePublished":"2024-05-03T13:02:16+00:00","dateModified":"2025-05-02T09:41:24+00:00","description":"\u00danete a nosotros en esta V edici\u00f3n del evento Next-Commerce para explorar el panorama online y descubrir c\u00f3mo la innovaci\u00f3n y la inteligencia artificial est\u00e1n transformando el d\u00eda a d\u00eda del comercio electr\u00f3nico.","breadcrumb":{"@id":"https:\/\/www.iese.edu\/es\/claustro-investigacion\/futuro-ecommerce\/#breadcrumb"},"inLanguage":"es","potentialAction":[{"@type":"ReadAction","target":["https:\/\/www.iese.edu\/es\/claustro-investigacion\/futuro-ecommerce\/"]}]},{"@type":"BreadcrumbList","@id":"https:\/\/www.iese.edu\/es\/claustro-investigacion\/futuro-ecommerce\/#breadcrumb","itemListElement":[{"@type":"ListItem","position":1,"name":"Home","item":"https:\/\/www.iese.edu\/es\/"},{"@type":"ListItem","position":2,"name":"Claustro e investigaci\u00f3n","item":"https:\/\/www.iese.edu\/es\/claustro-investigacion\/"},{"@type":"ListItem","position":3,"name":"El futuro del e-commerce en Espa\u00f1a"}]},{"@type":"WebSite","@id":"https:\/\/www.iese.edu\/es\/#website","url":"https:\/\/www.iese.edu\/es\/","name":"IESE","description":"","publisher":{"@id":"https:\/\/www.iese.edu\/es\/#organization"},"potentialAction":[{"@type":"SearchAction","target":{"@type":"EntryPoint","urlTemplate":"https:\/\/www.iese.edu\/es\/?s={search_term_string}"},"query-input":{"@type":"PropertyValueSpecification","valueRequired":true,"valueName":"search_term_string"}}],"inLanguage":"es"},{"@type":"Organization","@id":"https:\/\/www.iese.edu\/es\/#organization","name":"IESE Business School","url":"https:\/\/www.iese.edu\/es\/","logo":{"@type":"ImageObject","inLanguage":"es","@id":"https:\/\/www.iese.edu\/es\/#\/schema\/logo\/image\/","url":"https:\/\/www.iese.edu\/es\/wp-content\/uploads\/sites\/2\/2020\/12\/Logo-IESE.png","contentUrl":"https:\/\/www.iese.edu\/es\/wp-content\/uploads\/sites\/2\/2020\/12\/Logo-IESE.png","width":290,"height":290,"caption":"IESE Business School"},"image":{"@id":"https:\/\/www.iese.edu\/es\/#\/schema\/logo\/image\/"}}]}},"_links":{"self":[{"href":"https:\/\/www.iese.edu\/es\/wp-json\/wp\/v2\/pages\/16907","targetHints":{"allow":["GET"]}}],"collection":[{"href":"https:\/\/www.iese.edu\/es\/wp-json\/wp\/v2\/pages"}],"about":[{"href":"https:\/\/www.iese.edu\/es\/wp-json\/wp\/v2\/types\/page"}],"author":[{"embeddable":true,"href":"https:\/\/www.iese.edu\/es\/wp-json\/wp\/v2\/users\/54"}],"replies":[{"embeddable":true,"href":"https:\/\/www.iese.edu\/es\/wp-json\/wp\/v2\/comments?post=16907"}],"version-history":[{"count":50,"href":"https:\/\/www.iese.edu\/es\/wp-json\/wp\/v2\/pages\/16907\/revisions"}],"predecessor-version":[{"id":17234,"href":"https:\/\/www.iese.edu\/es\/wp-json\/wp\/v2\/pages\/16907\/revisions\/17234"}],"up":[{"embeddable":true,"href":"https:\/\/www.iese.edu\/es\/wp-json\/wp\/v2\/pages\/505"}],"wp:attachment":[{"href":"https:\/\/www.iese.edu\/es\/wp-json\/wp\/v2\/media?parent=16907"}],"curies":[{"name":"wp","href":"https:\/\/api.w.org\/{rel}","templated":true}]}}